{"id":9,"date":"2022-08-03T14:39:22","date_gmt":"2022-08-03T11:39:22","guid":{"rendered":"http:\/\/ewmdr.com\/?page_id=9"},"modified":"2022-08-03T15:24:55","modified_gmt":"2022-08-03T12:24:55","slug":"hakkimizda","status":"publish","type":"page","link":"http:\/\/ewmdr.com\/index.php\/hakkimizda\/","title":{"rendered":"Hakk\u0131m\u0131zda"},"content":{"rendered":"\n<p>EWMDR Consulting Teknoloji Ticaret Limited \u015eirketi 2021 y\u0131l\u0131nda \u0130stanbul&#8217;da kurulmu\u015ftur.<\/p>\n\n\n\n<p>Kurulu\u015f amac\u0131m\u0131z sekt\u00f6rdeki dan\u0131\u015fman ihtiyac\u0131n\u0131 kar\u015f\u0131lamak, \u00fclkemizin nitelikli insan kayna\u011f\u0131n\u0131 kullanarak ihracat hayallerimizi ger\u00e7ekle\u015ftirmektir.<\/p>\n\n\n\n<p>Bizim g\u00fcc\u00fcm\u00fcz bilgimiz, tecr\u00fcbemizdir ve yapt\u0131\u011f\u0131m\u0131z i\u015fi \u00e7ok seviyoruz!<\/p>\n","protected":false},"excerpt":{"rendered":"<p>EWMDR Consulting Teknoloji Ticaret Limited \u015eirketi 2021 y\u0131l\u0131nda \u0130stanbul&#8217;da kurulmu\u015ftur. Kurulu\u015f amac\u0131m\u0131z sekt\u00f6rdeki dan\u0131\u015fman ihtiyac\u0131n\u0131 kar\u015f\u0131lamak, \u00fclkemizin nitelikli insan kayna\u011f\u0131n\u0131 kullanarak ihracat hayallerimizi ger\u00e7ekle\u015ftirmektir. Bizim g\u00fcc\u00fcm\u00fcz bilgimiz, tecr\u00fcbemizdir ve yapt\u0131\u011f\u0131m\u0131z i\u015fi \u00e7ok seviyoruz!<\/p>\n","protected":false},"author":1,"featured_media":0,"parent":0,"menu_order":0,"comment_status":"closed","ping_status":"closed","template":"","meta":{"footnotes":""},"class_list":["post-9","page","type-page","status-publish","hentry"],"_links":{"self":[{"href":"http:\/\/ewmdr.com\/index.php\/wp-json\/wp\/v2\/pages\/9","targetHints":{"allow":["GET"]}}],"collection":[{"href":"http:\/\/ewmdr.com\/index.php\/wp-json\/wp\/v2\/pages"}],"about":[{"href":"http:\/\/ewmdr.com\/index.php\/wp-json\/wp\/v2\/types\/page"}],"author":[{"embeddable":true,"href":"http:\/\/ewmdr.com\/index.php\/wp-json\/wp\/v2\/users\/1"}],"replies":[{"embeddable":true,"href":"http:\/\/ewmdr.com\/index.php\/wp-json\/wp\/v2\/comments?post=9"}],"version-history":[{"count":2,"href":"http:\/\/ewmdr.com\/index.php\/wp-json\/wp\/v2\/pages\/9\/revisions"}],"predecessor-version":[{"id":45,"href":"http:\/\/ewmdr.com\/index.php\/wp-json\/wp\/v2\/pages\/9\/revisions\/45"}],"wp:attachment":[{"href":"http:\/\/ewmdr.com\/index.php\/wp-json\/wp\/v2\/media?parent=9"}],"curies":[{"name":"wp","href":"https:\/\/api.w.org\/{rel}","templated":true}]}}